{"id":944,"date":"2018-09-27T10:25:11","date_gmt":"2018-09-27T10:25:11","guid":{"rendered":"https:\/\/gosiastanczyk.pl\/sklep\/?page_id=944"},"modified":"2018-10-01T18:30:27","modified_gmt":"2018-10-01T18:30:27","slug":"wysoko-wrazliwe-dzieci-kurs-online","status":"publish","type":"page","link":"https:\/\/gosiastanczyk.pl\/sklep\/?page_id=944","title":{"rendered":"Wysoko wra\u017cliwe dzieci &#8211; kurs online"},"content":{"rendered":"<p><img loading=\"lazy\" decoding=\"async\" class=\"aligncenter wp-image-956 size-full\" src=\"https:\/\/gosiastanczyk.pl\/sklep\/wp-content\/uploads\/2018\/09\/WWD-cover-.png\" alt=\"\" width=\"1200\" height=\"628\" srcset=\"https:\/\/gosiastanczyk.pl\/sklep\/wp-content\/uploads\/2018\/09\/WWD-cover-.png 1200w, https:\/\/gosiastanczyk.pl\/sklep\/wp-content\/uploads\/2018\/09\/WWD-cover--416x218.png 416w, https:\/\/gosiastanczyk.pl\/sklep\/wp-content\/uploads\/2018\/09\/WWD-cover--300x157.png 300w, https:\/\/gosiastanczyk.pl\/sklep\/wp-content\/uploads\/2018\/09\/WWD-cover--768x402.png 768w, https:\/\/gosiastanczyk.pl\/sklep\/wp-content\/uploads\/2018\/09\/WWD-cover--1024x536.png 1024w\" sizes=\"auto, (max-width: 1200px) 100vw, 1200px\" \/><\/p>\n<p><a href=\"https:\/\/gosiastanczyk.pl[add_to_cart_url id=941]\" target=\"_blank\" rel=\"noopener\"><img loading=\"lazy\" decoding=\"async\" class=\"aligncenter wp-image-954 size-full\" src=\"https:\/\/gosiastanczyk.pl\/sklep\/wp-content\/uploads\/2018\/09\/button.png\" alt=\"\" width=\"266\" height=\"50\" \/><\/a><\/p>\n<h1 style=\"text-align: center;\"><\/h1>\n<p style=\"text-align: center;\"><iframe loading=\"lazy\" src=\"https:\/\/player.vimeo.com\/video\/292474918\" width=\"640\" height=\"480\" frameborder=\"0\" allowfullscreen=\"allowfullscreen\"><\/iframe><\/p>\n<p style=\"text-align: center;\"><a href=\"https:\/\/www.gosiastanczyk.pl\/wrazliwe-dzieci\/\" target=\"_blank\" rel=\"noopener\">Link do artyku\u0142u, o kt\u00f3rym wspominam w filmie.<\/a><\/p>\n<h1 style=\"text-align: center;\">Wysoko wra\u017cliwe dzieci \u2013 kurs online<\/h1>\n<div><strong><img loading=\"lazy\" decoding=\"async\" class=\"size-medium wp-image-478 aligncenter\" src=\"https:\/\/gosiastanczyk.pl\/sklep\/wp-content\/uploads\/2018\/06\/Zrzut-ekranu-2018-06-02-o-20.51.54-300x246.png\" sizes=\"auto, (max-width: 300px) 100vw, 300px\" srcset=\"https:\/\/gosiastanczyk.pl\/sklep\/wp-content\/uploads\/2018\/06\/Zrzut-ekranu-2018-06-02-o-20.51.54-300x246.png 300w, https:\/\/gosiastanczyk.pl\/sklep\/wp-content\/uploads\/2018\/06\/Zrzut-ekranu-2018-06-02-o-20.51.54-768x629.png 768w, https:\/\/gosiastanczyk.pl\/sklep\/wp-content\/uploads\/2018\/06\/Zrzut-ekranu-2018-06-02-o-20.51.54-1024x839.png 1024w, https:\/\/gosiastanczyk.pl\/sklep\/wp-content\/uploads\/2018\/06\/Zrzut-ekranu-2018-06-02-o-20.51.54-416x341.png 416w\" alt=\"\" width=\"300\" height=\"246\" \/><\/strong>15-20 procent dzieci, to dzieci obdarzone wysok\u0105 wra\u017cliwo\u015bci\u0105, dzieci kt\u00f3re dostrzegaj\u0105, przetwarzaj\u0105 i czuj\u0105 wi\u0119cej ni\u017c inne, co cz\u0119sto jest dla nich przyczyn\u0105 silnego dyskomfortu.\u00a0<strong>Wra\u017cliwe dzieci<\/strong>\u00a0potrzebuj\u0105 szczeg\u00f3lnie dostosowanych do ich potrzeb warunk\u00f3w, aby dobrze funkcjonowa\u0107. Gdy uda si\u0119 im takie warunki z\u0142o\u017cy\u0107, dzia\u0142aj\u0105 lepiej ni\u017c te mniej wra\u017cliwe, bo potencja\u0142, kt\u00f3ry kryje si\u0119 za ich wra\u017cliwo\u015bci\u0105 mo\u017ce si\u0119 zrealizowa\u0107.<\/div>\n<div><\/div>\n<div><\/div>\n<div>Towarzyszenie wra\u017cliwemu dziecku rodzice odczuwaj\u0105 jako du\u017ce wyzwanie, a rodzinn\u0105 codzienno\u015b\u0107 jako wyczerpuj\u0105c\u0105. Rodzice mierz\u0105 si\u0119 z niezrozumieniem otoczenia, cz\u0119sto czuj\u0105 si\u0119 oceniani i obwiniani, gdy ich rzekomej nadopieku\u0144czo\u015bci upatruje si\u0119 przyczyn trudno\u015bci dziecka. Wielu z nas mierzy si\u0119 tak\u017ce z w\u0142asn\u0105 wra\u017cliwo\u015bci\u0105, kt\u00f3ra nie zawsze by\u0142a zaopiekowana. Kontakt z wra\u017cliwym dzieckiem te wra\u017cliwe struny i do\u015bwiadczenia z dzieci\u0144stwa porusza.<\/div>\n<div><\/div>\n<div><img loading=\"lazy\" decoding=\"async\" class=\"size-medium wp-image-959 aligncenter\" src=\"https:\/\/gosiastanczyk.pl\/sklep\/wp-content\/uploads\/2018\/09\/boy-child-cute-1073083-300x200.jpg\" alt=\"\" width=\"300\" height=\"200\" srcset=\"https:\/\/gosiastanczyk.pl\/sklep\/wp-content\/uploads\/2018\/09\/boy-child-cute-1073083-300x200.jpg 300w, https:\/\/gosiastanczyk.pl\/sklep\/wp-content\/uploads\/2018\/09\/boy-child-cute-1073083-scaled-416x277.jpg 416w, https:\/\/gosiastanczyk.pl\/sklep\/wp-content\/uploads\/2018\/09\/boy-child-cute-1073083-768x512.jpg 768w, https:\/\/gosiastanczyk.pl\/sklep\/wp-content\/uploads\/2018\/09\/boy-child-cute-1073083-1024x683.jpg 1024w\" sizes=\"auto, (max-width: 300px) 100vw, 300px\" \/><\/div>\n<div><\/div>\n<div>Podczas warsztat\u00f3w, spotka\u0144 po\u015bwi\u0119conych wysokiej wra\u017cliwo\u015bci i na dedykowanych temu zagadnieniu grupach, rodzice pisz\u0105 o braku wiedzy, o zagubieniu i o poczuciu osamotnienia. Pisz\u0105 te\u017c o uldze, jak\u0105 niesie zrozumienie wra\u017cliwo\u015bci i poczucie wsp\u00f3lnoty z innymi rodzicami wra\u017cliwc\u00f3w.<\/div>\n<div>Chc\u0119, aby ten kurs ni\u00f3s\u0142 ze sob\u0105 jedno i drugie: wiedz\u0119, kt\u00f3ra pomo\u017ce zrozumie\u0107 i lepiej wspiera\u0107 wra\u017cliwe dzieci oraz wsp\u00f3lnot\u0119 do\u015bwiadcze\u0144. Uwalniaj\u0105ce jest do\u015bwiadczenie tego, \u017ce cho\u0107 nasze dziecko jest w swoim \u015brodowisku \u201etym jedynym, kt\u00f3re nie chce wyst\u0119powa\u0107 w przedszkolnym przedstawieniu\u201d, to w szerszej perspektywie \u201etych jedynych\u201d jest du\u017co, du\u017co wi\u0119cej.<\/div>\n<div><\/div>\n<div><\/div>\n<div>Kurs sk\u0142ada si\u0119 z\u00a0<strong>6 film\u00f3w<\/strong>, kt\u00f3re b\u0119d\u0119 Wam wysy\u0142a\u0142a przez 6 kolejnych dni. Si\u00f3dmego dnia odb\u0119dzie si\u0119\u00a0<strong>webinarium<\/strong>, na kt\u00f3rym odpowiem na Wasze pytania. Do ka\u017cdego filmu do\u0142\u0105cz\u0119 plik pdf z podsumowaniem.<\/div>\n<div>Wa\u017cn\u0105 cz\u0119\u015bci\u0105 kursu jest\u00a0<strong>grupa na Facebooku<\/strong>, w kt\u00f3rej codziennie b\u0119dziecie mogli wymienia\u0107 si\u0119 do\u015bwiadzeniami i zadawa\u0107 pytania.<\/div>\n<div><\/div>\n<div>Podczas ca\u0142ego czasu trwania kursu, z otwarto\u015bci\u0105 czekam na kontakt e-mailowy z Wami.<\/div>\n<div><\/div>\n<h2>Program kursu:<\/h2>\n<div><strong>Dzie\u0144 1<\/strong>\u00a0\u2013 Czym jest i czym nie jest wysoka wra\u017cliwo\u015b\u0107?<\/div>\n<div>Aspekty, przyczyny i natura wysokiej wra\u017cliwo\u015bci.<\/div>\n<div><\/div>\n<div><strong>Dzie\u0144 2<\/strong>\u00a0\u2013 Oblicza wysokiej wra\u017cliwo\u015bci<\/div>\n<div>\n<div>Wysoka wra\u017cliwo\u015b\u0107 nie jest jednorodnym wymiarem i mo\u017ce si\u0119 manifestowa\u0107 bardzo r\u00f3\u017cnie. Opowiadam, jak wra\u017cliwe dziecko mo\u017ce reagowa\u0107 na codzienne wyzwania. Chc\u0119 zwr\u00f3ci\u0107 uwag\u0119 szczeg\u00f3lnie na cztery r\u00f3\u017cne oblicza wra\u017cliwo\u015bci:<\/div>\n<ul class=\"m_4404304380255525087Apple-dash-list\">\n<li>cz\u0119\u015b\u0107 z wra\u017cliwych dzieci, to dzieci uznawane za nie\u015bmia\u0142e,<\/li>\n<li>czasem wra\u017cliwo\u015b\u0107 manifestuje si\u0119 trudnymi zachowaniami i wtedy mo\u017ce by\u0107 brana przez otoczenie za agresj\u0119<\/li>\n<li>niekt\u00f3re wra\u017cliwe dzieci dostosowuj\u0105 si\u0119 do oczekiwa\u0144 doros\u0142ych, by nikomu nie sprawia\u0107 k\u0142opotu (a przez to chroni\u0107 siebie przez dyskomfortem zwi\u0105zanym z interakcjami z doros\u0142ymi).<\/li>\n<li>s\u0105 wreszcie wra\u017cliwe dzieci, kt\u00f3re okre\u015bla si\u0119 jako liderskie.<\/li>\n<\/ul>\n<\/div>\n<div><strong>Dzie\u0144 3<\/strong>\u00a0\u2013 Jakiego wsparcia potrzebuj\u0105 wysoko wra\u017cliwe dzieci?<\/div>\n<div><\/div>\n<div><strong>Dzie\u0144 4<\/strong>\u00a0\u2013 Wysoko wra\u017cliwi i mniej wra\u017cliwi rodzice \u2013 jak postrzegaj\u0105 wra\u017cliwo\u015b\u0107 dziecka i w jaki spos\u00f3b mog\u0105 zadba\u0107 o siebie?<\/div>\n<div><\/div>\n<div><strong>Dzie\u0144 5<\/strong>\u00a0\u2013 Wysoka wra\u017cliwo\u015b\u0107 w przedszkolu i szkole<\/div>\n<div><\/div>\n<div><strong>Dzie\u0144 6<\/strong>\u00a0\u2013 Wysoka wra\u017cliwo\u015b\u0107 jako zas\u00f3b \u2013 co daje dziecku wysoka wra\u017cliwo\u015b\u0107 i co wysoko wra\u017cliwe dzieci daj\u0105 \u015bwiatu?<\/div>\n<div><\/div>\n<div><strong>Dzie\u0144 7<\/strong>\u00a0\u2013 Webinarium Q&amp;A, podczas kt\u00f3rego odpowiem na Wasze pytania.<\/div>\n<div>\n<p><a href=\"https:\/\/gosiastanczyk.pl[add_to_cart_url id=941]\"><img loading=\"lazy\" decoding=\"async\" class=\"aligncenter wp-image-954 size-full\" src=\"https:\/\/gosiastanczyk.pl\/sklep\/wp-content\/uploads\/2018\/09\/button.png\" alt=\"\" width=\"266\" height=\"50\" \/><\/a><\/p>\n<p>&nbsp;<\/p>\n<\/div>\n<h2><strong>Organizacja kursu:<\/strong><\/h2>\n<p>Podane zagadnienia b\u0119d\u0119 omawia\u0142a kolejno, w przesy\u0142anych uczestnikom w kolejne dni kursu filmach (10-15 minut ka\u017cdego dnia). Ma to na celu pochylenie si\u0119 nad ka\u017cdym z temat\u00f3w osobno i umo\u017cliwienie Wam podj\u0119cia refleksji nad ka\u017cdym z nich. Filmy b\u0119d\u0105 dost\u0119pne jeszcze 2 miesi\u0105ce po zako\u0144czeniu kursu, wi\u0119c je\u015bli nie ods\u0142uchacie ich od razu, b\u0119dzie mo\u017cliwo\u015b\u0107\u00a0wr\u00f3cenia do nich w dowolnej chwili.<\/p>\n<p>Mo\u017cliwo\u015b\u0107 bezpo\u015bredniego kontaktu zapewni nam Webinar Q&amp;A (pyta\u0144 i odpowiedzi), adresowany wy\u0142\u0105cznie dla uczestnik\u00f3w kursu, podczas kt\u00f3rego b\u0119d\u0119 odpowiada\u0142a na Wasze pytania.<\/p>\n<h2 class=\"null\">Grupa na Facebooku<\/h2>\n<div>Grupa na FB b\u0119dzie miejscem tylko dla os\u00f3b korzystaj\u0105cych z kursu.\u00a0B\u0119dzie to wi\u0119c ma\u0142a spo\u0142eczno\u015b\u0107, skoncentrowana na konkretnym celu.<\/div>\n<div>Chcemy by przede wszystkim by\u0142a to Wasza przestrze\u0144, s\u0142u\u017c\u0105ca do wymiany my\u015bli, refleksji, w\u0105tpliwo\u015bci, do\u015bwiadcze\u0144, wzajemnego wspierania si\u0119 w procesie pracy ze sob\u0105 podczas kursu, a tak\u017ce po jego zako\u0144czeniu.<br \/>\nChcemy stworzy\u0107 miejsce w kt\u00f3rym b\u0119dziecie mogli wzajemnie pobudza\u0107 si\u0119 do rozwoju, inspirowa\u0107 do szukania nowych strategii, do budowania bliskiej relacji z dzieckiem, poszuka\u0107 pomocy w trudnych momentach.<\/div>\n<div><\/div>\n<div><img loading=\"lazy\" decoding=\"async\" class=\"size-medium wp-image-961 aligncenter\" src=\"https:\/\/gosiastanczyk.pl\/sklep\/wp-content\/uploads\/2018\/09\/Untitled-design-14-300x251.png\" alt=\"\" width=\"300\" height=\"251\" srcset=\"https:\/\/gosiastanczyk.pl\/sklep\/wp-content\/uploads\/2018\/09\/Untitled-design-14-300x251.png 300w, https:\/\/gosiastanczyk.pl\/sklep\/wp-content\/uploads\/2018\/09\/Untitled-design-14-416x349.png 416w, https:\/\/gosiastanczyk.pl\/sklep\/wp-content\/uploads\/2018\/09\/Untitled-design-14-768x644.png 768w, https:\/\/gosiastanczyk.pl\/sklep\/wp-content\/uploads\/2018\/09\/Untitled-design-14.png 940w\" sizes=\"auto, (max-width: 300px) 100vw, 300px\" \/><\/div>\n<p>Wspiera\u0107 Was b\u0119dzie\u00a0<strong>Katarzyna Kalinowska<\/strong>. B\u0119dzie Was wspiera\u0107 i dba\u0107 o to by grupa by\u0142a dla Was miejscem bezpiecznym.<\/p>\n<p><strong>Katarzyna Kalinowska<\/strong> &#8211; psycholog, trenerka FamilyLab Polska, dyrektorka \u017b\u0142obka i Przedszkola Zielona Wie\u017ca w Warszawie, w\u0142a\u015bcicielka Przystanku Relacja Katarzyna Kalinowska.<\/p>\n<p>&nbsp;<\/p>\n<p>&nbsp;<\/p>\n<p><strong>Start tej edycji kursu: pi\u0105tek 14 pa\u017adziernika 2018<\/strong><\/p>\n<p><strong>Webinar Q&amp;A dla Kursant\u00f3w: sobota 20 pa\u017adziernika 2018 w godzinach wieczornych<\/strong><\/p>\n<p><strong>Prowadz\u0105ca: Gosia Sta\u0144czyk<img loading=\"lazy\" decoding=\"async\" class=\"alignleft size-medium wp-image-963\" src=\"https:\/\/gosiastanczyk.pl\/sklep\/wp-content\/uploads\/2018\/09\/42345113_253583748632205_3845070283492818944_n-1-225x300.jpg\" alt=\"\" width=\"225\" height=\"300\" srcset=\"https:\/\/gosiastanczyk.pl\/sklep\/wp-content\/uploads\/2018\/09\/42345113_253583748632205_3845070283492818944_n-1-225x300.jpg 225w, https:\/\/gosiastanczyk.pl\/sklep\/wp-content\/uploads\/2018\/09\/42345113_253583748632205_3845070283492818944_n-1-scaled-416x555.jpg 416w, https:\/\/gosiastanczyk.pl\/sklep\/wp-content\/uploads\/2018\/09\/42345113_253583748632205_3845070283492818944_n-1-768x1024.jpg 768w, https:\/\/gosiastanczyk.pl\/sklep\/wp-content\/uploads\/2018\/09\/42345113_253583748632205_3845070283492818944_n-1-scaled.jpg 1920w\" sizes=\"auto, (max-width: 225px) 100vw, 225px\" \/><\/strong><br \/>\nJestem psychologiem, mam\u0105 trojga dzieci. Wspieram rodzic\u00f3w i nauczycieli w poszukiwaniu wiedzy, narz\u0119dzi i sposob\u00f3w na satysfakcjonuj\u0105cy, oparty na szacunku kontakt z dzie\u0107mi. Udzielam\u00a0konsultacji psychologicznych, prowadz\u0119 warsztaty dla rodzic\u00f3w,\u00a0<a href=\"http:\/\/www.gosiastanczyk.pl\/webinaria\/\" target=\"_blank\" rel=\"noopener\">webinaria<\/a>\u00a0i superwizyjne spotkania dla nauczycieli. Pisz\u0119\u00a0blog po\u015bwi\u0119cony sprawom rodzicielstwa i rozwoju:\u00a0<a href=\"http:\/\/www.gosiastanczyk.pl\/\" target=\"_blank\" rel=\"noopener\">www.gosiastanczyk.pl<\/a>.<\/p>\n<ul>\n<li>6 film\u00f3w\u00a0wideo<\/li>\n<li>udzia\u0142 w webinarium Q&amp;A na \u017cywo<\/li>\n<li>dost\u0119p do grupy na Facebook\u2019u<\/li>\n<li>wsparcie e-mailowe prowadz\u0105cej<br \/>\nw trakcie trwania kursu<\/li>\n<\/ul>\n<p style=\"text-align: center;\">\n<p>&nbsp;<\/p>\n<p><a href=\"https:\/\/gosiastanczyk.pl[add_to_cart_url id=941]\"><br \/>\n<img loading=\"lazy\" decoding=\"async\" class=\"aligncenter wp-image-954 size-full\" src=\"https:\/\/gosiastanczyk.pl\/sklep\/wp-content\/uploads\/2018\/09\/button.png\" alt=\"\" width=\"266\" height=\"50\" \/><\/a><\/p>\n<p style=\"text-align: center;\"><strong>Cena kursu : 155 z\u0142<\/strong><\/p>\n","protected":false},"excerpt":{"rendered":"<p>Link do artyku\u0142u, o kt\u00f3rym wspominam w filmie. Wysoko wra\u017cliwe dzieci \u2013 kurs online 15-20 procent dzieci, to dzieci obdarzone wysok\u0105 wra\u017cliwo\u015bci\u0105, dzieci kt\u00f3re dostrzegaj\u0105, przetwarzaj\u0105 i czuj\u0105 wi\u0119cej ni\u017c inne, co cz\u0119sto jest dla nich przyczyn\u0105 silnego dyskomfortu.\u00a0Wra\u017cliwe dzieci\u00a0potrzebuj\u0105 szczeg\u00f3lnie dostosowanych do ich potrzeb warunk\u00f3w, aby dobrze funkcjonowa\u0107. Gdy uda si\u0119 im takie warunki [&hellip;]<\/p>\n","protected":false},"author":1,"featured_media":0,"parent":0,"menu_order":0,"comment_status":"closed","ping_status":"closed","template":"","meta":{"_uag_custom_page_level_css":"","_monsterinsights_skip_tracking":false,"_monsterinsights_sitenote_active":false,"_monsterinsights_sitenote_note":"","_monsterinsights_sitenote_category":0,"footnotes":""},"class_list":["post-944","page","type-page","status-publish","hentry"],"uagb_featured_image_src":{"full":false,"thumbnail":false,"medium":false,"medium_large":false,"large":false,"1536x1536":false,"2048x2048":false},"uagb_author_info":{"display_name":"admin","author_link":"https:\/\/gosiastanczyk.pl\/sklep\/?author=1"},"uagb_comment_info":0,"uagb_excerpt":"Link do artyku\u0142u, o kt\u00f3rym wspominam w filmie. Wysoko wra\u017cliwe dzieci \u2013 kurs online 15-20 procent dzieci, to dzieci obdarzone wysok\u0105 wra\u017cliwo\u015bci\u0105, dzieci kt\u00f3re dostrzegaj\u0105, przetwarzaj\u0105 i czuj\u0105 wi\u0119cej ni\u017c inne, co cz\u0119sto jest dla nich przyczyn\u0105 silnego dyskomfortu.\u00a0Wra\u017cliwe dzieci\u00a0potrzebuj\u0105 szczeg\u00f3lnie dostosowanych do ich potrzeb warunk\u00f3w, aby dobrze funkcjonowa\u0107. Gdy uda si\u0119 im takie warunki&hellip;","_links":{"self":[{"href":"https:\/\/gosiastanczyk.pl\/sklep\/index.php?rest_route=\/wp\/v2\/pages\/944","targetHints":{"allow":["GET"]}}],"collection":[{"href":"https:\/\/gosiastanczyk.pl\/sklep\/index.php?rest_route=\/wp\/v2\/pages"}],"about":[{"href":"https:\/\/gosiastanczyk.pl\/sklep\/index.php?rest_route=\/wp\/v2\/types\/page"}],"author":[{"embeddable":true,"href":"https:\/\/gosiastanczyk.pl\/sklep\/index.php?rest_route=\/wp\/v2\/users\/1"}],"replies":[{"embeddable":true,"href":"https:\/\/gosiastanczyk.pl\/sklep\/index.php?rest_route=%2Fwp%2Fv2%2Fcomments&post=944"}],"version-history":[{"count":19,"href":"https:\/\/gosiastanczyk.pl\/sklep\/index.php?rest_route=\/wp\/v2\/pages\/944\/revisions"}],"predecessor-version":[{"id":1031,"href":"https:\/\/gosiastanczyk.pl\/sklep\/index.php?rest_route=\/wp\/v2\/pages\/944\/revisions\/1031"}],"wp:attachment":[{"href":"https:\/\/gosiastanczyk.pl\/sklep\/index.php?rest_route=%2Fwp%2Fv2%2Fmedia&parent=944"}],"curies":[{"name":"wp","href":"https:\/\/api.w.org\/{rel}","templated":true}]}}