{"id":68,"date":"2018-01-29T11:24:16","date_gmt":"2018-01-29T11:24:16","guid":{"rendered":"http:\/\/gosiastanczyk.pl\/sklep\/?page_id=68"},"modified":"2024-03-13T15:43:37","modified_gmt":"2024-03-13T15:43:37","slug":"regulamin","status":"publish","type":"page","link":"https:\/\/gosiastanczyk.pl\/sklep\/?page_id=68","title":{"rendered":"Regulamin"},"content":{"rendered":"<p>Regulamin sklepu<\/p>\n<p><strong>Regulamin\u00a0<\/strong><strong>sklepu internetowego gosiastanczyk.pl<\/strong><\/p>\n<p>Data publikacji: 1.10.2018<\/p>\n<p>Sklep internetowy gosiastanczyk.pl dzia\u0142aj\u0105cy pod adresem https:\/\/www.gosiastanczyk.pl\/sklep nale\u017cy do Bartosz Sta\u0144czyk, prowadz\u0105cego dzia\u0142alno\u015b\u0107 gospodarcz\u0105 pod firm\u0105 Sonrisa Bartosz Sta\u0144czyk z siedzib\u0105 w Warszawie (01-909), ul. Sokratesa 13C\/28 wpisanej do Centralnej Ewidencji i Informacji o Dzia\u0142alno\u015bci Gospodarczej, pos\u0142uguj\u0105cej si\u0119 numerem NIP 1181715392.<\/p>\n<p>Kontakt ze sklepem internetowym mo\u017cliwy jest pod adresem siedziby wskazanym powy\u017cej, pod adresem e-mail kontakt@gosiastanczyk.pl.<\/p>\n<ul>\n<li><strong>1\u00a0<\/strong><strong>Definicje<\/strong><\/li>\n<\/ul>\n<p>Na potrzeby niniejszego regulaminu, przyjmuje si\u0119 nast\u0119puj\u0105ce znaczenie poni\u017cszych poj\u0119\u0107:<\/p>\n<ul>\n<li><strong>Kupuj\u0105cy\u00a0<\/strong>\u2013 osoba fizyczna, osoba prawna lub u\u0142omna osoba prawna,<\/li>\n<li><strong>Kodeks cywilny\u00a0<\/strong>\u2013 ustawa z dnia 23 kwietnia 1964 r. Kodeks cywilny (Dz.U.1964.16.93),<\/li>\n<li><strong>Konsument<\/strong>\u00a0\u2013 osoba fizyczna, dokonuj\u0105ca zakup\u00f3w w Sklepie w zakresie niezwi\u0105zanym bezpo\u015brednio z jej dzia\u0142alno\u015bci\u0105 gospodarcz\u0105 lub zawodow\u0105 (zgodnie z tre\u015bci\u0105 art. 22<sup>1<\/sup>\u00a0Kodeksu cywilnego),<\/li>\n<li><strong>Regulamin<\/strong>\u00a0\u2013 niniejszy regulamin, dost\u0119pny pod adresem http:\/\/www.gosiastanczyk.pl\/regulamin,<\/li>\n<li><strong>Sklep<\/strong>\u00a0\u2013 sklep internetowy dzia\u0142aj\u0105cy pod adresem http:\/\/www.gosiastanczyk.pl\/sklep,<\/li>\n<li><strong>Sprzedawca<\/strong>\u00a0\u2013 Bartosz Sta\u0144czyk<strong>,<\/strong>\u00a0prowadz\u0105cy dzia\u0142alno\u015b\u0107 gospodarcz\u0105 pod firm\u0105 Sonrisa Bartosz Sta\u0144czyk z siedzib\u0105 w Warszawie (01-985) ul. Gonzagi 4, wpisana do Centralnej Ewidencji i Informacji o Dzia\u0142alno\u015bci Gospodarczej, pos\u0142uguj\u0105cej si\u0119 numerem NIP 1181715392.<\/li>\n<li><strong>2\u00a0<\/strong><strong>Postanowienia wst\u0119pne<\/strong><\/li>\n<\/ul>\n<ol>\n<li>Za po\u015brednictwem Sklepu, Sprzedawca prowadzi sprzeda\u017c detaliczn\u0105. Za po\u015brednictwem Sklepu, Kupuj\u0105cy mo\u017ce dokona\u0107 zakupu produkt\u00f3w uwidocznionych na stronach Sklepu.<\/li>\n<li>Regulamin okre\u015bla zasady i warunki korzystania ze Sklepu, a tak\u017ce prawa i obowi\u0105zki Sprzedawcy i Kupuj\u0105cych.<\/li>\n<li>Do korzystania ze Sklepu, w tym w szczeg\u00f3lno\u015bci do dokonania zakupu w Sklepie, nie jest konieczne spe\u0142nienie szczeg\u00f3lnych warunk\u00f3w technicznych przez komputer lub inne urz\u0105dzenie Kupuj\u0105cego. Wystarczaj\u0105ce s\u0105:\n<ul>\n<li>dost\u0119p do Internetu,<\/li>\n<li>standardowy system operacyjny,<\/li>\n<li>standardowa przegl\u0105darka internetowa,<\/li>\n<li>posiadanie aktywnego adresu e-mail.<\/li>\n<\/ul>\n<\/li>\n<li>Kupuj\u0105cy nie mo\u017ce dokona\u0107 zakupu w Sklepie anonimowo, ani pod pseudonimem.<\/li>\n<li>Wszystkie ceny produkt\u00f3w podane na stronach Sklepu s\u0105 cenami brutto.<\/li>\n<\/ol>\n<ul>\n<li><strong>3\u00a0<\/strong><strong>Sk\u0142adanie zam\u00f3wienia<\/strong><\/li>\n<\/ul>\n<ol>\n<li>Kupuj\u0105cy mo\u017ce z\u0142o\u017cy\u0107 zam\u00f3wienie jako zarejestrowany klient albo jako go\u015b\u0107.<\/li>\n<li>Zarejestrowanym klientem jest Kupuj\u0105cy, kt\u00f3ry posiada konto w Sklepie. Kupuj\u0105cy mo\u017ce za\u0142o\u017cy\u0107 konto z poziomu zak\u0142adki \u201eMoje konto\u201d lub w trakcie sk\u0142adania zam\u00f3wienia.<\/li>\n<li>W celu z\u0142o\u017cenia zam\u00f3wienia, Kupuj\u0105cy zobowi\u0105zany jest podj\u0105\u0107 nast\u0119puj\u0105ce kroki:\n<ul>\n<li>wybra\u0107 produkt lub produkty b\u0119d\u0105ce przedmiotem zam\u00f3wienia poprzez klikni\u0119cie przycisku \u201eDodaj do koszyka\u201d,<\/li>\n<li>z widoku koszyka klikn\u0105\u0107 w przycisk \u201ePrzejd\u017a do kasy\u201d,<\/li>\n<li>zalogowa\u0107 si\u0119 do swojego konta w Sklepie lub za\u0142o\u017cy\u0107 konto<\/li>\n<li>poda\u0107 adres do wysy\u0142ki zam\u00f3wienia oraz dane do faktury \u2013 je\u015bli Kupuj\u0105cy wcze\u015bniej doda\u0142 okre\u015blone dane do konta, mo\u017ce wybra\u0107 te dane bez konieczno\u015bci ponownego ich uzupe\u0142niania albo poda\u0107 inne dane,<\/li>\n<li>wybra\u0107 metod\u0119 dostawy i p\u0142atno\u015bci za zam\u00f3wienie,<\/li>\n<li>zapozna\u0107 si\u0119 z Regulaminem i go zaakceptowa\u0107 \u2013 Kupuj\u0105cy akceptuje Regulamin tylko, je\u015bli zapozna\u0142 si\u0119 z jego tre\u015bci\u0105 i rzeczywi\u015bcie akceptuje jego postanowienia; akceptacja Regulaminu jest dobrowolna, ale niezb\u0119dna do z\u0142o\u017cenia zam\u00f3wienia,<\/li>\n<li>klikn\u0105\u0107 w przycisk \u201eKupuj\u0119 i p\u0142ac\u0119\u201d.<\/li>\n<\/ul>\n<\/li>\n<li>Z chwil\u0105 klikni\u0119cia w przycisk \u201eKupuj\u0119 i p\u0142ac\u0119\u201d, mi\u0119dzy Kupuj\u0105cym a Sprzedawc\u0105 dochodzi do zawarcia umowy sprzeda\u017cy produkt\u00f3w obj\u0119tych zam\u00f3wieniem.<\/li>\n<li>Je\u015bli Kupuj\u0105cy wybra\u0142 metod\u0119 p\u0142atno\u015bci za zam\u00f3wienie w postaci p\u0142atno\u015bci za po\u015brednictwem serwisu tpay.com, po klikni\u0119ciu w przycisk \u201eKupuj\u0119 i p\u0142ac\u0119\u201d Kupuj\u0105cy zostanie przeniesiony na stron\u0119 transakcyjn\u0105 serwisu com celem dokonania p\u0142atno\u015bci za zam\u00f3wienie. Po dokonaniu p\u0142atno\u015bci, Kupuj\u0105cy zostanie zwrotnie przekierowany na stron\u0119 Sklepu z potwierdzeniem z\u0142o\u017cenia zam\u00f3wienia.<\/li>\n<li>Je\u015bli Kupuj\u0105cy wybra\u0142 metod\u0119 p\u0142atno\u015bci za zam\u00f3wienia inn\u0105 ni\u017c p\u0142atno\u015b\u0107 za po\u015brednictwem serwisu tpay.com, po klikni\u0119ciu w przycisk \u201eZamawiam z obowi\u0105zkiem zap\u0142aty\u201d zostanie przeniesiony od razu na stron\u0119 z potwierdzeniem z\u0142o\u017cenia zam\u00f3wienia.<\/li>\n<\/ol>\n<ul>\n<li><strong>4\u00a0<\/strong><strong>Formy dostawy i metody p\u0142atno\u015bci<\/strong><\/li>\n<\/ul>\n<p>Zakupione produkty maj\u0105 charakter wirtualny i nie podlegaj\u0105 tradycyjnej dostawie. Wysy\u0142ka ma charakter elektroniczny (za po\u015brednictwem podanego przez Kupuj\u0105cego adresu email).<\/p>\n<p>Kupuj\u0105cy za zam\u00f3wione produkty p\u0142aci za po\u015brednictwem serwisu Dotpay lub Paypal<\/p>\n<ul>\n<li><strong>5\u00a0<\/strong><strong>Realizacja zam\u00f3wienia<\/strong><\/li>\n<\/ul>\n<ol>\n<li>Po z\u0142o\u017ceniu przez Kupuj\u0105cego zam\u00f3wienia zgodnie z procedur\u0105 opisan\u0105 w \u00a7 3 Regulaminu, na adres poczty elektronicznej Kupuj\u0105cego zostanie wys\u0142ane potwierdzenie zam\u00f3wienia.<\/li>\n<li>Je\u015bli Kupuj\u0105cy wybra\u0142 metod\u0119 p\u0142atno\u015bci w postaci przelewu na rachunek bankowy Sprzedawcy, zobowi\u0105zany jest zap\u0142aci\u0107 za zam\u00f3wienie w terminie 3 dni od chwili zawarcia umowy.<\/li>\n<li>Realizacja zam\u00f3wienia polega na jego przygotowaniu do wysy\u0142ki do Kupuj\u0105cego. Zam\u00f3wienie uwa\u017ca si\u0119 za zrealizowane z chwil\u0105 przygotowania zam\u00f3wienia do wysy\u0142ki.<\/li>\n<li>Czas realizacji zam\u00f3wienia ka\u017cdorazowo wskazany jest w opisie produktu.<\/li>\n<li>Je\u015bli zam\u00f3wienie obejmuje wi\u0119cej ni\u017c jeden produkt, czasem realizacji zam\u00f3wienia jest najd\u0142u\u017cszy czas wskazany w opisie produktu wchodz\u0105cego w sk\u0142ad zam\u00f3wienia.<\/li>\n<li>Czas realizacji zam\u00f3wienia liczony jest od chwili dokonania p\u0142atno\u015bci za zam\u00f3wienie.<\/li>\n<li>Po zrealizowaniu zam\u00f3wienia Sprzedawca prze\u015ble na adres poczty elektronicznej Kupuj\u0105cego potwierdzenie realizacji zam\u00f3wienia i rozpocznie wysy\u0142k\u0119 zam\u00f3wienia do Kupuj\u0105cego.<\/li>\n<li>Wysy\u0142ka zam\u00f3wienia do Kupuj\u0105cego realizowana jest w spos\u00f3b wybrany przez Kupuj\u0105cego zgodnie z \u00a7 4 ust. 1 Regulaminu.<\/li>\n<li>Czas dostawy zam\u00f3wienia do Kupuj\u0105cego zale\u017cny jest od wybranej przez Kupuj\u0105cego metody wysy\u0142ki i liczony jest od dnia zrealizowania zam\u00f3wienia zgodnie z \u00a7 5 ust. 3 Regulaminu.<\/li>\n<\/ol>\n<ul>\n<li><strong>6\u00a0<\/strong><strong>Odst\u0105pienie od umowy Konsumenta<\/strong><\/li>\n<\/ul>\n<ol>\n<li>Konsument, kt\u00f3ry zawar\u0142 ze Sprzedawc\u0105 umow\u0119 na odleg\u0142o\u015b\u0107, ma prawo odst\u0105pi\u0107 od umowy bez podawania przyczyny w terminie 14 dni od dnia obj\u0119cia w posiadanie kupionych rzeczy.<\/li>\n<li>Prawo do odst\u0105pienia od umowy nie przys\u0142uguje w stosunku do umowy:\n<ul>\n<li>o dostarczanie tre\u015bci cyfrowych, kt\u00f3re nie s\u0105 zapisane na no\u015bniku materialnym, je\u017celi spe\u0142nianie \u015bwiadczenia rozpocz\u0119\u0142o si\u0119 za wyra\u017an\u0105 zgod\u0105 konsumenta przed up\u0142ywem terminu do odst\u0105pienia od umowy i po poinformowaniu go przez przedsi\u0119biorc\u0119 o utracie prawa odst\u0105pienia od umowy. Aby odst\u0105pi\u0107 od umowy, Konsument musi poinformowa\u0107 Sprzedawc\u0119 o swojej decyzji o odst\u0105pieniu od umowy w drodze jednoznacznego o\u015bwiadczenia \u2013 na przyk\u0142ad pismo wys\u0142ane poczt\u0105, faksem lub poczt\u0105 elektroniczn\u0105.<\/li>\n<\/ul>\n<\/li>\n<li>Konsument mo\u017ce skorzysta\u0107 z wzoru formularza odst\u0105pienia od umowy, dost\u0119pnego pod adresem http:\/\/www.gosiastanczyk.pl\/formularz jednak nie jest to obowi\u0105zkowe.<\/li>\n<li>Aby zachowa\u0107 termin do odst\u0105pienia od umowy, wystarczy, aby Konsument wys\u0142a\u0142 informacj\u0119 dotycz\u0105c\u0105 wykonania przys\u0142uguj\u0105cego Konsumentowi prawa odst\u0105pienia od umowy przed up\u0142ywem terminu do odst\u0105pienia od umowy.<\/li>\n<li><em>Konsument<\/em>\u00a0ma obowi\u0105zek zwr\u00f3ci\u0107 produkt Sprzedawcy lub przekaza\u0107 go osobie upowa\u017cnionej przez Sprzedawc\u0119 do odbioru niezw\u0142ocznie, jednak nie p\u00f3\u017aniej ni\u017c 14 dni od dnia, w kt\u00f3rym odst\u0105pi\u0142 od umowy, chyba \u017ce Sprzedawca zaproponowa\u0142, \u017ce sam odbierze rzecz. Do zachowania terminu wystarczy odes\u0142anie produktu przed jego up\u0142ywem<\/li>\n<li><em>Konsument<\/em>\u00a0ponosi bezpo\u015brednie koszty zwrotu rzeczy.<\/li>\n<li>W przypadku odst\u0105pienia od umowy, Sprzedawca zwraca Konsumentowi wszystkie otrzymane od Konsumenta p\u0142atno\u015bci, w tym najta\u0144szy dost\u0119pny w Sklepie koszt dostarczenia produkt\u00f3w (je\u015bli koszt pokry\u0142 Konsument) niezw\u0142ocznie, a w ka\u017cdym przypadku nie p\u00f3\u017aniej ni\u017c 14 dni od dnia, w kt\u00f3rym Sprzedawca zosta\u0142 poinformowany o wykonaniu prawa odst\u0105pienia od umowy. Zwrot p\u0142atno\u015bci zostanie dokonany przy u\u017cyciu takich samych sposob\u00f3w p\u0142atno\u015bci, jakie zosta\u0142y przez Konsumenta u\u017cyte w pierwotnej transakcji, chyba \u017ce Konsument wyra\u017anie zgodzi\u0142 si\u0119 na inne rozwi\u0105zanie. W ka\u017cdym przypadku Konsument nie poniesie \u017cadnych op\u0142at w zwi\u0105zku z form\u0105 zwrotu p\u0142atno\u015bci.<\/li>\n<li>Je\u017celi Sprzedawca nie zaproponowa\u0142, \u017ce sam odbierze rzecz od Konsumenta, mo\u017ce wstrzyma\u0107 si\u0119 ze zwrotem p\u0142atno\u015bci otrzymanych od Konsumenta do chwili otrzymania rzeczy z powrotem lub dostarczenia przez Konsumenta dowodu jej odes\u0142ania, w zale\u017cno\u015bci od tego, kt\u00f3re zdarzenie nast\u0105pi wcze\u015bniej.<\/li>\n<li><em>Konsument<\/em>\u00a0ponosi odpowiedzialno\u015b\u0107 za zmniejszenie warto\u015bci produktu b\u0119d\u0105ce wynikiem korzystania z produktu w spos\u00f3b wykraczaj\u0105cy poza konieczny do stwierdzenia charakteru, cech i funkcjonowania produktu.<\/li>\n<\/ol>\n<ul>\n<li><strong>7\u00a0<\/strong><strong>Odpowiedzialno\u015b\u0107 za wady<\/strong><\/li>\n<\/ul>\n<ol>\n<li>Sprzedawca ma obowi\u0105zek dostarczy\u0107 Kupuj\u0105cemu produkt wolny od wad.<\/li>\n<li>Sprzedawca jest odpowiedzialny wzgl\u0119dem Kupuj\u0105cego, je\u017celi sprzedany produkt ma wad\u0119 fizyczn\u0105 lub prawn\u0105 (r\u0119kojmia za wady).<\/li>\n<li>Je\u017celi sprzedany produkt ma wad\u0119, Kupuj\u0105cy mo\u017ce:\n<ul>\n<li>\u017c\u0105da\u0107 wymiany produktu na wolny od wad,<\/li>\n<li>\u017c\u0105da\u0107 usuni\u0119cia wady,<\/li>\n<li>z\u0142o\u017cy\u0107 o\u015bwiadczenie o obni\u017ceniu ceny,<\/li>\n<li>z\u0142o\u017cy\u0107 o\u015bwiadczenie o odst\u0105pieniu od umowy.<\/li>\n<\/ul>\n<\/li>\n<li>Je\u015bli Kupuj\u0105cy stwierdzi wad\u0119 produktu, powinien poinformowa\u0107 o tym Sprzedawc\u0119, okre\u015blaj\u0105c jednocze\u015bnie swoje roszczenie zwi\u0105zane ze stwierdzon\u0105 wad\u0105 lub sk\u0142adaj\u0105c o\u015bwiadczenie stosownej tre\u015bci.<\/li>\n<li>Kupuj\u0105cy mo\u017ce skorzysta\u0107 z formularza reklamacyjnego, dost\u0119pnego pod adresem http:\/\/www.gosiastanczyk.pl\/reklamacje, jednak nie jest to obowi\u0105zkowe.<\/li>\n<li>Kupuj\u0105cy, kt\u00f3ry wykonuje uprawniania z tytu\u0142u r\u0119kojmi, mo\u017ce na koszt Sprzedawcy dostarczy\u0107 wadliwy produkt na adres Sprzedawcy.<\/li>\n<li>Sprzedawca ustosunkuje si\u0119 do sk\u0142adanej przez Kupuj\u0105cego reklamacji w ci\u0105gu 14 dni od dnia dor\u0119czenia mu reklamacji.<\/li>\n<li>Szczeg\u00f3\u0142y dotycz\u0105ce r\u0119kojmi Sprzedawcy za wady reguluj\u0105 przepisy Kodeksu cywilnego (art. 556 \u2013 576).<\/li>\n<\/ol>\n<ul>\n<li><strong>8\u00a0<\/strong><strong>Dane osobowe i pliki cookies<\/strong><\/li>\n<\/ul>\n<ol>\n<li>Administratorem danych osobowych Kupuj\u0105cego jest Sprzedawca.<\/li>\n<li>Sprzedawca przetwarza dane osobowe Kupuj\u0105cego wy\u0142\u0105cznie w celu realizacji zam\u00f3wienia.<\/li>\n<li>Podanie danych osobowych przez Kupuj\u0105cego jest dobrowolne, ale niezb\u0119dne do realizacji zam\u00f3wienia.<\/li>\n<li>Sprzedawca mo\u017ce przetwarza\u0107 dane osobowe Kupuj\u0105cego r\u00f3wnie\u017c w innym celu ni\u017c realizacja zam\u00f3wienia po uprzednim uzyskaniu stosownej zgody Kupuj\u0105cego.<\/li>\n<li>Sprzedawca gwarantuje poufno\u015b\u0107 wszelkich udost\u0119pnionych mu danych osobowych.<\/li>\n<li>Dane osobowe s\u0105 gromadzone z nale\u017cyt\u0105 staranno\u015bci\u0105 i odpowiednio chronione przed dost\u0119pem do nich przez osoby do tego nieupowa\u017cnione, a ich przetwarzanie odbywa si\u0119 w zgodzie oraz na warunkach okre\u015blonych szczeg\u00f3\u0142owo w:\n<ul>\n<li>ustawie z dnia 18 lipca 2002 r. o \u015bwiadczeniu us\u0142ug drog\u0105 elektroniczn\u0105 (t.j. Dz.U. z 2013 r. poz. 1422),<\/li>\n<li>ustawie z dnia 29 sierpnia 1997 r. o ochronie danych osobowych (t.j. Dz.U. z 2014 r. poz. 1182),<\/li>\n<li>rozporz\u0105dzeniu Ministra Spraw Wewn\u0119trznych i Administracji z dnia 29 kwietnia 2004 r. w sprawie dokumentacji przetwarzania danych osobowych oraz warunk\u00f3w technicznych i organizacyjnych, jakim powinny odpowiada\u0107 urz\u0105dzenia i systemy informatyczne s\u0142u\u017c\u0105ce do przetwarzania danych osobowych (Dz.U. Nr 100, poz. 1024).<\/li>\n<\/ul>\n<\/li>\n<li>Kupuj\u0105cemu przys\u0142uguj\u0105 prawa okre\u015blone w aktach prawnych, o kt\u00f3rych mowa w ust. 3 powy\u017cej, w tym w szczeg\u00f3lno\u015bci do:\n<ul>\n<li>wgl\u0105du do swoich danych osobowych,<\/li>\n<li>\u017c\u0105dania uzupe\u0142nienia, uaktualnienia, sprostowania danych osobowych, czasowego lub sta\u0142ego wstrzymania ich przetwarzania lub ich usuni\u0119cia, je\u017celi s\u0105 one niekompletne, nieaktualne, nieprawdziwe lub zosta\u0142y zebrane z naruszeniem ustawy albo s\u0105 ju\u017c zb\u0119dne do realizacji celu, dla kt\u00f3rego zosta\u0142y zebrane.<\/li>\n<\/ul>\n<\/li>\n<li>Sprzedawca wykorzystuje pliki cookies (ciasteczka), czyli niewielkie informacje tekstowe, przechowywane na urz\u0105dzeniu ko\u0144cowym Kupuj\u0105cego (np. komputerze, tablecie, smartfonie). Cookies mog\u0105 by\u0107 odczytywane przez system teleinformatyczny Sprzedawcy.<\/li>\n<li>Sprzedawca przechowuje pliki cookies na urz\u0105dzeniu ko\u0144cowym Kupuj\u0105cego, a nast\u0119pnie uzyskuje dost\u0119p do informacji w nich zawartych w celach statystycznych oraz w celu zapewnienia prawid\u0142owego dzia\u0142ania Sklepu.<\/li>\n<li>Sprzedawca informuje Kupuj\u0105cego, \u017ce istnieje mo\u017cliwo\u015b\u0107 takiej konfiguracji przegl\u0105darki internetowej, kt\u00f3ra uniemo\u017cliwia przechowywanie plik\u00f3w cookies na urz\u0105dzeniu ko\u0144cowym Kupuj\u0105cego. W takiej sytuacji, korzystanie ze Sklepu przez Kupuj\u0105cego mo\u017ce by\u0107 utrudnione.<\/li>\n<li>Sprzedawca wskazuje, \u017ce pliki cookies mog\u0105 by\u0107 przez Kupuj\u0105cego usuni\u0119te po ich zapisaniu przez Sprzedawc\u0119, poprzez odpowiednie funkcje przegl\u0105darki internetowej, programy s\u0142u\u017c\u0105ce w tym celu lub skorzystanie z odpowiednich narz\u0119dzi dost\u0119pnych w ramach systemu operacyjnego, z kt\u00f3rego korzysta Kupuj\u0105cy.<\/li>\n<\/ol>\n<ul>\n<li><strong>9\u00a0<\/strong><strong>Pozas\u0105dowe sposoby rozpatrywania reklamacji i dochodzenia roszcze\u0144<\/strong><\/li>\n<\/ul>\n<ol>\n<li>Sprzedawca wyra\u017ca zgod\u0119 na poddanie ewentualnych spor\u00f3w wynik\u0142ych w zwi\u0105zku ze sprzeda\u017c\u0105 towar\u00f3w na drodze post\u0119powania mediacyjnego. Szczeg\u00f3\u0142y zostan\u0105 okre\u015blone przez strony konfliktu.<\/li>\n<li>Konsument ma mo\u017cliwo\u015b\u0107 skorzystania z pozas\u0105dowych sposob\u00f3w rozpatrywania reklamacji i dochodzenia roszcze\u0144. Mi\u0119dzy innymi, Konsument ma mo\u017cliwo\u015b\u0107:\n<ul>\n<li>zwr\u00f3cenia si\u0119 do sta\u0142ego polubownego s\u0105du konsumenckiego z wnioskiem o rozstrzygni\u0119cie sporu wynik\u0142ego z zawartej umowy sprzeda\u017cy,<\/li>\n<li>zwr\u00f3cenia si\u0119 do wojew\u00f3dzkiego inspektora Inspekcji Handlowej z wnioskiem o wszcz\u0119cie post\u0119powania mediacyjnego w sprawie polubownego zako\u0144czenia sporu mi\u0119dzy Kupuj\u0105cym a Sprzedawc\u0105,<\/li>\n<li>skorzystania z pomocy powiatowego (miejskiego) rzecznika praw konsumenta lub organizacji spo\u0142ecznej, do kt\u00f3rej statutowych zada\u0144 nale\u017cy ochrona konsument\u00f3w.<\/li>\n<\/ul>\n<\/li>\n<li>Bardziej szczeg\u00f3\u0142owych informacji na temat pozas\u0105dowych sposob\u00f3w rozpatrywania reklamacji i dochodzenia roszcze\u0144, Konsument mo\u017ce szuka\u0107 na stronie internetowej\u00a0<a href=\"http:\/\/www.uokik.gov.pl\/\">http:\/\/www.uokik.gov.pl<\/a>.<\/li>\n<li>Konsument mo\u017ce r\u00f3wnie\u017c skorzysta\u0107 z platformy ODR, kt\u00f3ra dost\u0119pna jest pod adresem\u00a0<a href=\"http:\/\/ec.europa.eu\/consumers\/odr\">http:\/\/ec.europa.eu\/consumers\/odr<\/a>. Platforma s\u0142u\u017cy rozstrzyganiu spor\u00f3w pomi\u0119dzy konsumentami i przedsi\u0119biorcami d\u0105\u017c\u0105cymi do pozas\u0105dowego rozstrzygni\u0119cia sporu dotycz\u0105cego zobowi\u0105za\u0144 umownych wynikaj\u0105cych z internetowej umowy sprzeda\u017cy lub umowy o \u015bwiadczenie us\u0142ug.<\/li>\n<\/ol>\n<ul>\n<li><strong>10\u00a0<\/strong><strong>Postanowienia ko\u0144cowe<\/strong><\/li>\n<\/ul>\n<ol>\n<li>Regulamin jest integraln\u0105 cz\u0119\u015bci\u0105 zawieranej mi\u0119dzy Kupuj\u0105cym a Sprzedawc\u0105 umowy sprzeda\u017cy.<\/li>\n<li>Regulamin wchodzi w \u017cycie z dniem publikacji na stronie internetowej Sklepu.<\/li>\n<li>Sprzedawca zastrzega sobie mo\u017cliwo\u015b\u0107 zmian w Regulaminie. Do um\u00f3w zawartych przed zmian\u0105 Regulaminu stosuje si\u0119 wersj\u0119 Regulaminu obowi\u0105zuj\u0105c\u0105 w dacie zawarcia umowy.<\/li>\n<\/ol>\n","protected":false},"excerpt":{"rendered":"<p>Regulamin sklepu Regulamin\u00a0sklepu internetowego gosiastanczyk.pl Data publikacji: 1.10.2018 Sklep internetowy gosiastanczyk.pl dzia\u0142aj\u0105cy pod adresem https:\/\/www.gosiastanczyk.pl\/sklep nale\u017cy do Bartosz Sta\u0144czyk, prowadz\u0105cego dzia\u0142alno\u015b\u0107 gospodarcz\u0105 pod firm\u0105 Sonrisa Bartosz Sta\u0144czyk z siedzib\u0105 w Warszawie (01-909), ul. Sokratesa 13C\/28 wpisanej do Centralnej Ewidencji i Informacji o Dzia\u0142alno\u015bci Gospodarczej, pos\u0142uguj\u0105cej si\u0119 numerem NIP 1181715392. Kontakt ze sklepem internetowym mo\u017cliwy jest [&hellip;]<\/p>\n","protected":false},"author":1,"featured_media":0,"parent":0,"menu_order":0,"comment_status":"closed","ping_status":"closed","template":"","meta":{"_uag_custom_page_level_css":"","_monsterinsights_skip_tracking":false,"_monsterinsights_sitenote_active":false,"_monsterinsights_sitenote_note":"","_monsterinsights_sitenote_category":0,"footnotes":""},"class_list":["post-68","page","type-page","status-publish","hentry"],"uagb_featured_image_src":{"full":false,"thumbnail":false,"medium":false,"medium_large":false,"large":false,"1536x1536":false,"2048x2048":false},"uagb_author_info":{"display_name":"admin","author_link":"https:\/\/gosiastanczyk.pl\/sklep\/?author=1"},"uagb_comment_info":0,"uagb_excerpt":"Regulamin sklepu Regulamin\u00a0sklepu internetowego gosiastanczyk.pl Data publikacji: 1.10.2018 Sklep internetowy gosiastanczyk.pl dzia\u0142aj\u0105cy pod adresem https:\/\/www.gosiastanczyk.pl\/sklep nale\u017cy do Bartosz Sta\u0144czyk, prowadz\u0105cego dzia\u0142alno\u015b\u0107 gospodarcz\u0105 pod firm\u0105 Sonrisa Bartosz Sta\u0144czyk z siedzib\u0105 w Warszawie (01-909), ul. Sokratesa 13C\/28 wpisanej do Centralnej Ewidencji i Informacji o Dzia\u0142alno\u015bci Gospodarczej, pos\u0142uguj\u0105cej si\u0119 numerem NIP 1181715392. Kontakt ze sklepem internetowym mo\u017cliwy jest&hellip;","_links":{"self":[{"href":"https:\/\/gosiastanczyk.pl\/sklep\/index.php?rest_route=\/wp\/v2\/pages\/68","targetHints":{"allow":["GET"]}}],"collection":[{"href":"https:\/\/gosiastanczyk.pl\/sklep\/index.php?rest_route=\/wp\/v2\/pages"}],"about":[{"href":"https:\/\/gosiastanczyk.pl\/sklep\/index.php?rest_route=\/wp\/v2\/types\/page"}],"author":[{"embeddable":true,"href":"https:\/\/gosiastanczyk.pl\/sklep\/index.php?rest_route=\/wp\/v2\/users\/1"}],"replies":[{"embeddable":true,"href":"https:\/\/gosiastanczyk.pl\/sklep\/index.php?rest_route=%2Fwp%2Fv2%2Fcomments&post=68"}],"version-history":[{"count":3,"href":"https:\/\/gosiastanczyk.pl\/sklep\/index.php?rest_route=\/wp\/v2\/pages\/68\/revisions"}],"predecessor-version":[{"id":29051,"href":"https:\/\/gosiastanczyk.pl\/sklep\/index.php?rest_route=\/wp\/v2\/pages\/68\/revisions\/29051"}],"wp:attachment":[{"href":"https:\/\/gosiastanczyk.pl\/sklep\/index.php?rest_route=%2Fwp%2Fv2%2Fmedia&parent=68"}],"curies":[{"name":"wp","href":"https:\/\/api.w.org\/{rel}","templated":true}]}}