{"id":27303,"date":"2026-03-20T16:42:25","date_gmt":"2026-03-20T16:42:25","guid":{"rendered":"https:\/\/gosiastanczyk.pl\/sklep\/educators\/?post_type=product&#038;p=27303"},"modified":"2026-04-07T17:13:19","modified_gmt":"2026-04-07T17:13:19","slug":"przekonania-ktore-wplywaja-na-nasze-rodzicielstwo","status":"publish","type":"product","link":"https:\/\/gosiastanczyk.pl\/sklep\/educators\/?product=przekonania-ktore-wplywaja-na-nasze-rodzicielstwo","title":{"rendered":"Przekonania, kt\u00f3re wp\u0142ywaj\u0105 na nasze rodzicielstwo"},"content":{"rendered":"<h1 class=\"wp-heading-inline\"><span class=\"product-name-dynamic\">Przekonania, kt\u00f3re wp\u0142ywaj\u0105 na nasze rodzicielstwo<\/span><\/h1>\n","protected":false},"excerpt":{"rendered":"<p>Przekonania, kt\u00f3re wp\u0142ywaj\u0105 na nasze rodzicielstwo<\/p>\n","protected":false},"featured_media":27304,"template":"","meta":{"_uag_custom_page_level_css":"","_monsterinsights_skip_tracking":false,"_monsterinsights_sitenote_active":false,"_monsterinsights_sitenote_note":"","_monsterinsights_sitenote_category":0},"product_brand":[],"product_cat":[20],"product_tag":[],"class_list":{"0":"post-27303","1":"product","2":"type-product","3":"status-publish","4":"has-post-thumbnail","6":"product_cat-bez-kategorii","8":"first","9":"instock","10":"virtual","11":"purchasable","12":"product-type-simple"},"uagb_featured_image_src":{"full":["https:\/\/gosiastanczyk.pl\/sklep\/educators\/wp-content\/uploads\/2026\/03\/Webinaria-Okladki-wiosna-2026.png",940,940,false],"thumbnail":["https:\/\/gosiastanczyk.pl\/sklep\/educators\/wp-content\/uploads\/2026\/03\/Webinaria-Okladki-wiosna-2026-150x150.png",150,150,true],"medium":["https:\/\/gosiastanczyk.pl\/sklep\/educators\/wp-content\/uploads\/2026\/03\/Webinaria-Okladki-wiosna-2026-300x300.png",300,300,true],"medium_large":["https:\/\/gosiastanczyk.pl\/sklep\/educators\/wp-content\/uploads\/2026\/03\/Webinaria-Okladki-wiosna-2026-768x768.png",768,768,true],"large":["https:\/\/gosiastanczyk.pl\/sklep\/educators\/wp-content\/uploads\/2026\/03\/Webinaria-Okladki-wiosna-2026.png",940,940,false],"1536x1536":["https:\/\/gosiastanczyk.pl\/sklep\/educators\/wp-content\/uploads\/2026\/03\/Webinaria-Okladki-wiosna-2026.png",940,940,false],"2048x2048":["https:\/\/gosiastanczyk.pl\/sklep\/educators\/wp-content\/uploads\/2026\/03\/Webinaria-Okladki-wiosna-2026.png",940,940,false],"woocommerce_thumbnail":["https:\/\/gosiastanczyk.pl\/sklep\/educators\/wp-content\/uploads\/2026\/03\/Webinaria-Okladki-wiosna-2026-324x324.png",324,324,true],"woocommerce_single":["https:\/\/gosiastanczyk.pl\/sklep\/educators\/wp-content\/uploads\/2026\/03\/Webinaria-Okladki-wiosna-2026-416x416.png",416,416,true],"woocommerce_gallery_thumbnail":["https:\/\/gosiastanczyk.pl\/sklep\/educators\/wp-content\/uploads\/2026\/03\/Webinaria-Okladki-wiosna-2026-100x100.png",100,100,true]},"uagb_author_info":{"display_name":"admin","author_link":"https:\/\/gosiastanczyk.pl\/sklep\/educators\/?author=0"},"uagb_comment_info":0,"uagb_excerpt":"Przekonania, kt\u00f3re wp\u0142ywaj\u0105 na nasze rodzicielstwo","_links":{"self":[{"href":"https:\/\/gosiastanczyk.pl\/sklep\/educators\/index.php?rest_route=\/wp\/v2\/product\/27303","targetHints":{"allow":["GET"]}}],"collection":[{"href":"https:\/\/gosiastanczyk.pl\/sklep\/educators\/index.php?rest_route=\/wp\/v2\/product"}],"about":[{"href":"https:\/\/gosiastanczyk.pl\/sklep\/educators\/index.php?rest_route=\/wp\/v2\/types\/product"}],"wp:featuredmedia":[{"embeddable":true,"href":"https:\/\/gosiastanczyk.pl\/sklep\/educators\/index.php?rest_route=\/wp\/v2\/media\/27304"}],"wp:attachment":[{"href":"https:\/\/gosiastanczyk.pl\/sklep\/educators\/index.php?rest_route=%2Fwp%2Fv2%2Fmedia&parent=27303"}],"wp:term":[{"taxonomy":"product_brand","embeddable":true,"href":"https:\/\/gosiastanczyk.pl\/sklep\/educators\/index.php?rest_route=%2Fwp%2Fv2%2Fproduct_brand&post=27303"},{"taxonomy":"product_cat","embeddable":true,"href":"https:\/\/gosiastanczyk.pl\/sklep\/educators\/index.php?rest_route=%2Fwp%2Fv2%2Fproduct_cat&post=27303"},{"taxonomy":"product_tag","embeddable":true,"href":"https:\/\/gosiastanczyk.pl\/sklep\/educators\/index.php?rest_route=%2Fwp%2Fv2%2Fproduct_tag&post=27303"}],"curies":[{"name":"wp","href":"https:\/\/api.w.org\/{rel}","templated":true}]}}