{"id":1026,"date":"2020-08-28T17:12:42","date_gmt":"2020-08-28T17:12:42","guid":{"rendered":"http:\/\/gosiastanczyk.pl\/jesien\/gry-granie-i-ekrany-copy\/"},"modified":"2020-09-04T21:31:15","modified_gmt":"2020-09-04T21:31:15","slug":"zlosc","status":"publish","type":"page","link":"https:\/\/gosiastanczyk.pl\/jesien\/zlosc\/","title":{"rendered":"Z\u0142o\u015b\u0107 rodzica"},"content":{"rendered":"<!--themify_builder_content-->\n<div id=\"themify_builder_content-1026\" data-postid=\"1026\" class=\"themify_builder_content themify_builder_content-1026 themify_builder tf_clear\">\n                    <div  data-lazy=\"1\" class=\"module_row themify_builder_row tb_ksot900 tb_first tf_w\">\n                        <div class=\"row_inner col_align_top tb_col_count_2 tf_box tf_rel\">\n                        <div  data-lazy=\"1\" class=\"module_column tb-column col2-1 tb_5u9l028 first\">\n                            <\/div>\n                    <div  data-lazy=\"1\" class=\"module_column tb-column col2-1 tb_6ouz390 last\">\n                            <\/div>\n                        <\/div>\n        <\/div>\n                        <div  data-lazy=\"1\" class=\"module_row themify_builder_row tb_xbc8706 tf_w\">\n                        <div class=\"row_inner col_align_top tb_col_count_1 tf_box tf_rel\">\n                        <div  data-lazy=\"1\" class=\"module_column tb-column col-full tb_e1ln000 first\">\n                    <!-- module image -->\n<div  class=\"module module-image tb_5b7e094 image-center   tf_mw\" data-lazy=\"1\">\n        <div class=\"image-wrap tf_rel tf_mw\">\n            <img loading=\"lazy\" decoding=\"async\" src=\"https:\/\/gosiastanczyk.pl\/jesien\/wp-content\/uploads\/2020\/08\/Webinarowa-jesien\u0301-zlos\u0301c\u0301-rodzica-1-600x600.png\" width=\"600\" height=\"600\" class=\"wp-post-image wp-image-1031\" title=\"Webinarowa jesien\u0301 z\u0142os\u0301c\u0301 rodzica (1)\" alt=\"Webinarowa jesien\u0301 z\u0142os\u0301c\u0301 rodzica (1)\" srcset=\"https:\/\/gosiastanczyk.pl\/jesien\/wp-content\/uploads\/2020\/08\/Webinarowa-jesien\u0301-zlos\u0301c\u0301-rodzica-1-600x600.png 600w, https:\/\/gosiastanczyk.pl\/jesien\/wp-content\/uploads\/2020\/08\/Webinarowa-jesien\u0301-zlos\u0301c\u0301-rodzica-1-300x300.png 300w, https:\/\/gosiastanczyk.pl\/jesien\/wp-content\/uploads\/2020\/08\/Webinarowa-jesien\u0301-zlos\u0301c\u0301-rodzica-1-150x150.png 150w, https:\/\/gosiastanczyk.pl\/jesien\/wp-content\/uploads\/2020\/08\/Webinarowa-jesien\u0301-zlos\u0301c\u0301-rodzica-1-768x768.png 768w, https:\/\/gosiastanczyk.pl\/jesien\/wp-content\/uploads\/2020\/08\/Webinarowa-jesien\u0301-zlos\u0301c\u0301-rodzica-1.png 800w\" sizes=\"auto, (max-width: 600px) 100vw, 600px\" \/>    \n        <\/div>\n    <!-- \/image-wrap -->\n    \n        <\/div>\n<!-- \/module image --><!-- module text -->\n<div  class=\"module module-text tb_6p14386  repeat \" data-lazy=\"1\">\n        <div  class=\"tb_text_wrap\">\n        <h3 style=\"text-align: left;\">Z\u0142o\u015b\u0107 rodzica<\/h3>\n<h3 style=\"text-align: left;\"><span style=\"font-size: 16px;\">Webinarium prowadzi\u0142a <\/span><strong style=\"font-size: 16px;\">Gosia Sta\u0144czyk, psycholog<\/strong><span style=\"font-size: 16px;\">.\u00a0<br \/>Odby\u0142o si\u0119 w pi\u0105tek 4.09.2020, ale mo\u017cna uzyska\u0107 dost\u0119p do nagrania (bezp\u0142atnie).<\/span><\/h3>\n<div id=\"cbox-wJpsn6V9rus33dbb\"><\/div>\n<p style=\"text-align: left;\"><em>To druga edycja webinarium \u201eZ\u0142o\u015b\u0107 rodzica&#8221; &#8211; pierwsza odby\u0142a si\u0119 w 2018 roku, a jej nagranie mogli\u015bcie ods\u0142ucha\u0107 w dost\u0119pach do biblioteki webinar\u00f3w.<\/em><\/p>\n<div style=\"text-align: left;\">\n<h3><strong>Jak si\u0119 lepiej z\u0142o\u015bci\u0107?<\/strong><\/h3>\n<p>Zapraszam na webinarium o radzeniu sobie ze z\u0142o\u015bci\u0105.<br \/>Z\u0142o\u015b\u0107 jest emocj\u0105, kt\u00f3ra towarzyszy nam w \u017cyciu, ma swoj\u0105 rol\u0119 i sens. Cz\u0119sto dopiero w rodzicielstwie zaczynamy szuka\u0107 takich sposob\u00f3w prze\u017cywania swojej z\u0142o\u015bci, kt\u00f3re b\u0119d\u0105 bezpieczne dla naszych dzieci i dla nas samych. To, \u017ce j\u0105 prze\u017cywamy nie musi szkodzi\u0107 dzieciom \u2013 mo\u017ce je wr\u0119cz wzbogaca\u0107. One te\u017c b\u0119d\u0105 w \u017cyciu szuka\u0142y sposob\u00f3w na radzenie sobie ze z\u0142o\u015bci\u0105 i b\u0119d\u0105 potrzebowa\u0142y w tym naszego wsparcia i wzorca. \u00a0<\/p>\n<p>Podczas webinarium porusz\u0119 poni\u017csze tematy:<\/p>\n<p><strong>1. Zrozumie\u0107 w\u0142asn\u0105 z\u0142o\u015b\u0107<br \/><\/strong>\u2705 Sk\u0105d bierze si\u0119 z\u0142o\u015b\u0107?<br \/>\u2705 Czemu s\u0142u\u017cy z\u0142o\u015b\u0107?\u00a0<br \/>\u2705 O czym nam m\u00f3wi?<\/p>\n<p><strong>2.Regulacja emocjonalna<br \/><\/strong>\u2705 Jak nasz dobrostan wi\u0105\u017ce si\u0119 z prze\u017cywanymi emocjami?<br \/>\u2705 Poznanie my\u015bli-zapalnik\u00f3w<br \/>\u2705 Praca z nad my\u015blami, kt\u00f3re rozpalaj\u0105 z\u0142o\u015b\u0107<br \/>\u2705 Pierwsza samopomoc, gdy nadci\u0105ga fala z\u0142o\u015bci<br \/><strong><br \/>3. Z\u0142o\u015b\u0107 rodzica i jej wp\u0142yw na dzieci<br \/><\/strong>\u2705 Jak si\u0119 z\u0142o\u015bci\u0107, by nie obci\u0105\u017ca\u0107 dzieci?<br \/>\u2705 Co mo\u017ce nam pom\u00f3c lepiej si\u0119 z\u0142o\u015bci\u0107?<br \/>\u2705 Czego nasza z\u0142o\u015b\u0107 mo\u017ce nauczy\u0107 dzieci?<br \/>\u2705 Co mo\u017cemy zrobi\u0107, by zmniejszy\u0107 skutki swojego wybuchu z\u0142o\u015bci?<\/p>\n<\/div>\n<div style=\"text-align: left;\">Czas trwania webinarium: ok. 90 minut.<\/div>\n<div style=\"text-align: left;\">\u00a0<\/div>\n<div style=\"text-align: left;\">Dla wszystkich zapisanych b\u0119dzie dost\u0119pne nagranie.<\/div>\n<div style=\"text-align: left;\">Nie przewidujemy wystawiania certyfikat\u00f3w za uczestnictwo w webinarium.<\/div>\n<div>\u00a0<\/div>\n<div style=\"text-align: left;\">Zapisuj\u0105c si\u0119 na webinarium, zapisujesz si\u0119 jednocze\u015bnie na newsletter o innych webinariach i kursach online, kt\u00f3re organizuj\u0119. W ka\u017cdej chwili mo\u017cesz si\u0119 wypisa\u0107.<\/div>    <\/div>\n<\/div>\n<!-- \/module text -->        <\/div>\n                        <\/div>\n        <\/div>\n                        <div  data-lazy=\"1\" class=\"module_row themify_builder_row tb_04df622 tf_w\">\n                        <div class=\"row_inner col_align_top tb_col_count_2 tf_box tf_rel\">\n                        <div  data-lazy=\"1\" class=\"module_column tb-column col2-1 tb_hr71006 first\">\n                    <!-- module image -->\n<div  class=\"module module-image tb_yxwh009 image-center circle  tf_mw\" data-lazy=\"1\">\n        <div class=\"image-wrap tf_rel tf_mw\">\n            <img loading=\"lazy\" decoding=\"async\" width=\"300\" height=\"300\" src=\"https:\/\/gosiastanczyk.pl\/jesien\/wp-content\/uploads\/2020\/08\/104054552_10157344072662335_7079647020648251968_n-300x300-1.jpg\" class=\"wp-post-image wp-image-1033\" title=\"104054552_10157344072662335_7079647020648251968_n-300x300\" alt=\"104054552_10157344072662335_7079647020648251968_n-300x300\" srcset=\"https:\/\/gosiastanczyk.pl\/jesien\/wp-content\/uploads\/2020\/08\/104054552_10157344072662335_7079647020648251968_n-300x300-1.jpg 300w, https:\/\/gosiastanczyk.pl\/jesien\/wp-content\/uploads\/2020\/08\/104054552_10157344072662335_7079647020648251968_n-300x300-1-150x150.jpg 150w, https:\/\/gosiastanczyk.pl\/jesien\/wp-content\/uploads\/2020\/08\/104054552_10157344072662335_7079647020648251968_n-300x300-1-100x100.jpg 100w\" sizes=\"auto, (max-width: 300px) 100vw, 300px\" \/>    \n        <\/div>\n    <!-- \/image-wrap -->\n    \n        <\/div>\n<!-- \/module image -->        <\/div>\n                    <div  data-lazy=\"1\" class=\"module_column tb-column col2-1 tb_6nuh030 last\">\n                    <!-- module text -->\n<div  class=\"module module-text tb_2hhp000   \" data-lazy=\"1\">\n        <div  class=\"tb_text_wrap\">\n        <h3>Gosia Sta\u0144czyk<\/h3>\n<p>Jestem psychologiem, mam\u0105 trojga dzieci. Wspieram rodzic\u00f3w i nauczycieli w poszukiwaniu wiedzy, narz\u0119dzi i sposob\u00f3w na satysfakcjonuj\u0105cy, oparty na szacunku kontakt z dzie\u0107mi. Udzielam\u00a0konsultacji psychologicznych w Bliskim Miejscu w Warszawie, prowadz\u0119 warsztaty dla rodzic\u00f3w, webinaria\u00a0i superwizyjne spotkania dla nauczycieli. Jestem autork\u0105 ksi\u0105\u017cki \u201eRodze\u0144stwo\u201d. Pisz\u0119 blog po\u015bwi\u0119cony sprawom rodzicielstwa i rozwoju:\u00a0<a href=\"http:\/\/www.gosiastanczyk.pl\/\" target=\"_blank\" rel=\"noopener noreferrer\">www.gosiastanczyk.pl<\/a>. Wraz z Agnieszk\u0105 Stein od czterech lat prowadz\u0119 projekt Rodzicielstwo Blisko\u015bci dla profesjonalist\u00f3w. W pracy konsultacyjnej rozwijam si\u0119 w podej\u015bciu skoncentrowanym na rozwi\u0105zaniach (uko\u0144czy\u0142am I stopie\u0144 szkolenia TSR &#8211; Terapii Skoncentrowanej na Rozwi\u0105zaniach).<\/p>    <\/div>\n<\/div>\n<!-- \/module text -->        <\/div>\n                        <\/div>\n        <\/div>\n        <\/div>\n<!--\/themify_builder_content-->","protected":false},"excerpt":{"rendered":"<p>Z\u0142o\u015b\u0107 rodzica Webinarium prowadzi\u0142a Gosia Sta\u0144czyk, psycholog.\u00a0Odby\u0142o si\u0119 w pi\u0105tek 4.09.2020, ale mo\u017cna uzyska\u0107 dost\u0119p do nagrania (bezp\u0142atnie). To druga edycja webinarium \u201eZ\u0142o\u015b\u0107 rodzica&#8221; &#8211; pierwsza odby\u0142a si\u0119 w 2018 roku, a jej nagranie mogli\u015bcie ods\u0142ucha\u0107 w dost\u0119pach do biblioteki webinar\u00f3w. Jak si\u0119 lepiej z\u0142o\u015bci\u0107? Zapraszam na webinarium o radzeniu sobie ze z\u0142o\u015bci\u0105.Z\u0142o\u015b\u0107 jest emocj\u0105, [&hellip;]<\/p>\n","protected":false},"author":1,"featured_media":0,"parent":0,"menu_order":0,"comment_status":"closed","ping_status":"closed","template":"","meta":{"footnotes":""},"class_list":["post-1026","page","type-page","status-publish","hentry","has-post-title","has-post-date","has-post-category","has-post-tag","has-post-comment","has-post-author",""],"builder_content":"<img src=\"https:\/\/gosiastanczyk.pl\/jesien\/wp-content\/uploads\/2020\/08\/Webinarowa-jesien\u0301-zlos\u0301c\u0301-rodzica-1-600x600.png\" width=\"600\" height=\"600\" title=\"Webinarowa jesien\u0301 z\u0142os\u0301c\u0301 rodzica (1)\" alt=\"Webinarowa jesien\u0301 z\u0142os\u0301c\u0301 rodzica (1)\" srcset=\"https:\/\/gosiastanczyk.pl\/jesien\/wp-content\/uploads\/2020\/08\/Webinarowa-jesien\u0301-zlos\u0301c\u0301-rodzica-1-600x600.png 600w, https:\/\/gosiastanczyk.pl\/jesien\/wp-content\/uploads\/2020\/08\/Webinarowa-jesien\u0301-zlos\u0301c\u0301-rodzica-1-300x300.png 300w, https:\/\/gosiastanczyk.pl\/jesien\/wp-content\/uploads\/2020\/08\/Webinarowa-jesien\u0301-zlos\u0301c\u0301-rodzica-1-150x150.png 150w, https:\/\/gosiastanczyk.pl\/jesien\/wp-content\/uploads\/2020\/08\/Webinarowa-jesien\u0301-zlos\u0301c\u0301-rodzica-1-768x768.png 768w, https:\/\/gosiastanczyk.pl\/jesien\/wp-content\/uploads\/2020\/08\/Webinarowa-jesien\u0301-zlos\u0301c\u0301-rodzica-1.png 800w\" sizes=\"(max-width: 600px) 100vw, 600px\" \/>\n<h3 style=\"text-align: left;\">Z\u0142o\u015b\u0107 rodzica<\/h3> <h3 style=\"text-align: left;\">Webinarium prowadzi\u0142a <strong style=\"font-size: 16px;\">Gosia Sta\u0144czyk, psycholog<\/strong>.\u00a0<br \/>Odby\u0142o si\u0119 w pi\u0105tek 4.09.2020, ale mo\u017cna uzyska\u0107 dost\u0119p do nagrania (bezp\u0142atnie).<\/h3> <p>[cboxarea id=\"cbox-wJpsn6V9rus33dbb\"]<\/p> <p style=\"text-align: left;\"><em>To druga edycja webinarium \u201eZ\u0142o\u015b\u0107 rodzica\" - pierwsza odby\u0142a si\u0119 w 2018 roku, a jej nagranie mogli\u015bcie ods\u0142ucha\u0107 w dost\u0119pach do biblioteki webinar\u00f3w.<\/em><\/p>\n<h3><strong>Jak si\u0119 lepiej z\u0142o\u015bci\u0107?<\/strong><\/h3> <p>Zapraszam na webinarium o radzeniu sobie ze z\u0142o\u015bci\u0105.<br \/>Z\u0142o\u015b\u0107 jest emocj\u0105, kt\u00f3ra towarzyszy nam w \u017cyciu, ma swoj\u0105 rol\u0119 i sens. Cz\u0119sto dopiero w rodzicielstwie zaczynamy szuka\u0107 takich sposob\u00f3w prze\u017cywania swojej z\u0142o\u015bci, kt\u00f3re b\u0119d\u0105 bezpieczne dla naszych dzieci i dla nas samych. To, \u017ce j\u0105 prze\u017cywamy nie musi szkodzi\u0107 dzieciom \u2013 mo\u017ce je wr\u0119cz wzbogaca\u0107. One te\u017c b\u0119d\u0105 w \u017cyciu szuka\u0142y sposob\u00f3w na radzenie sobie ze z\u0142o\u015bci\u0105 i b\u0119d\u0105 potrzebowa\u0142y w tym naszego wsparcia i wzorca. \u00a0<\/p> <p>Podczas webinarium porusz\u0119 poni\u017csze tematy:<\/p> <p><strong>1. Zrozumie\u0107 w\u0142asn\u0105 z\u0142o\u015b\u0107<br \/><\/strong>\u2705 Sk\u0105d bierze si\u0119 z\u0142o\u015b\u0107?<br \/>\u2705 Czemu s\u0142u\u017cy z\u0142o\u015b\u0107?\u00a0<br \/>\u2705 O czym nam m\u00f3wi?<\/p> <p><strong>2.Regulacja emocjonalna<br \/><\/strong>\u2705 Jak nasz dobrostan wi\u0105\u017ce si\u0119 z prze\u017cywanymi emocjami?<br \/>\u2705 Poznanie my\u015bli-zapalnik\u00f3w<br \/>\u2705 Praca z nad my\u015blami, kt\u00f3re rozpalaj\u0105 z\u0142o\u015b\u0107<br \/>\u2705 Pierwsza samopomoc, gdy nadci\u0105ga fala z\u0142o\u015bci<br \/><strong><br \/>3. Z\u0142o\u015b\u0107 rodzica i jej wp\u0142yw na dzieci<br \/><\/strong>\u2705 Jak si\u0119 z\u0142o\u015bci\u0107, by nie obci\u0105\u017ca\u0107 dzieci?<br \/>\u2705 Co mo\u017ce nam pom\u00f3c lepiej si\u0119 z\u0142o\u015bci\u0107?<br \/>\u2705 Czego nasza z\u0142o\u015b\u0107 mo\u017ce nauczy\u0107 dzieci?<br \/>\u2705 Co mo\u017cemy zrobi\u0107, by zmniejszy\u0107 skutki swojego wybuchu z\u0142o\u015bci?<\/p>\nCzas trwania webinarium: ok. 90 minut. \u00a0 Dla wszystkich zapisanych b\u0119dzie dost\u0119pne nagranie. Nie przewidujemy wystawiania certyfikat\u00f3w za uczestnictwo w webinarium. \u00a0 Zapisuj\u0105c si\u0119 na webinarium, zapisujesz si\u0119 jednocze\u015bnie na newsletter o innych webinariach i kursach online, kt\u00f3re organizuj\u0119. W ka\u017cdej chwili mo\u017cesz si\u0119 wypisa\u0107.\n<img src=\"https:\/\/gosiastanczyk.pl\/jesien\/wp-content\/uploads\/2020\/08\/104054552_10157344072662335_7079647020648251968_n-300x300-1.jpg\" title=\"104054552_10157344072662335_7079647020648251968_n-300x300\" alt=\"104054552_10157344072662335_7079647020648251968_n-300x300\" srcset=\"https:\/\/gosiastanczyk.pl\/jesien\/wp-content\/uploads\/2020\/08\/104054552_10157344072662335_7079647020648251968_n-300x300-1.jpg 300w, https:\/\/gosiastanczyk.pl\/jesien\/wp-content\/uploads\/2020\/08\/104054552_10157344072662335_7079647020648251968_n-300x300-1-150x150.jpg 150w, https:\/\/gosiastanczyk.pl\/jesien\/wp-content\/uploads\/2020\/08\/104054552_10157344072662335_7079647020648251968_n-300x300-1-100x100.jpg 100w\" sizes=\"(max-width: 300px) 100vw, 300px\" \/>\n<h3>Gosia Sta\u0144czyk<\/h3> <p>Jestem psychologiem, mam\u0105 trojga dzieci. Wspieram rodzic\u00f3w i nauczycieli w poszukiwaniu wiedzy, narz\u0119dzi i sposob\u00f3w na satysfakcjonuj\u0105cy, oparty na szacunku kontakt z dzie\u0107mi. Udzielam\u00a0konsultacji psychologicznych w Bliskim Miejscu w Warszawie, prowadz\u0119 warsztaty dla rodzic\u00f3w, webinaria\u00a0i superwizyjne spotkania dla nauczycieli. Jestem autork\u0105 ksi\u0105\u017cki \u201eRodze\u0144stwo\u201d. Pisz\u0119 blog po\u015bwi\u0119cony sprawom rodzicielstwa i rozwoju:\u00a0<a href=\"http:\/\/www.gosiastanczyk.pl\/\" target=\"_blank\" rel=\"noopener noreferrer\">www.gosiastanczyk.pl<\/a>. Wraz z Agnieszk\u0105 Stein od czterech lat prowadz\u0119 projekt Rodzicielstwo Blisko\u015bci dla profesjonalist\u00f3w. W pracy konsultacyjnej rozwijam si\u0119 w podej\u015bciu skoncentrowanym na rozwi\u0105zaniach (uko\u0144czy\u0142am I stopie\u0144 szkolenia TSR - Terapii Skoncentrowanej na Rozwi\u0105zaniach).<\/p>","_links":{"self":[{"href":"https:\/\/gosiastanczyk.pl\/jesien\/wp-json\/wp\/v2\/pages\/1026","targetHints":{"allow":["GET"]}}],"collection":[{"href":"https:\/\/gosiastanczyk.pl\/jesien\/wp-json\/wp\/v2\/pages"}],"about":[{"href":"https:\/\/gosiastanczyk.pl\/jesien\/wp-json\/wp\/v2\/types\/page"}],"author":[{"embeddable":true,"href":"https:\/\/gosiastanczyk.pl\/jesien\/wp-json\/wp\/v2\/users\/1"}],"replies":[{"embeddable":true,"href":"https:\/\/gosiastanczyk.pl\/jesien\/wp-json\/wp\/v2\/comments?post=1026"}],"version-history":[{"count":17,"href":"https:\/\/gosiastanczyk.pl\/jesien\/wp-json\/wp\/v2\/pages\/1026\/revisions"}],"predecessor-version":[{"id":1086,"href":"https:\/\/gosiastanczyk.pl\/jesien\/wp-json\/wp\/v2\/pages\/1026\/revisions\/1086"}],"wp:attachment":[{"href":"https:\/\/gosiastanczyk.pl\/jesien\/wp-json\/wp\/v2\/media?parent=1026"}],"curies":[{"name":"wp","href":"https:\/\/api.w.org\/{rel}","templated":true}]}}